{"id":147,"date":"2024-04-08T12:02:32","date_gmt":"2024-04-08T12:02:32","guid":{"rendered":"https:\/\/ostsvenska.alghundklubben.com\/?page_id=147"},"modified":"2026-04-16T13:54:51","modified_gmt":"2026-04-16T12:54:51","slug":"funtionarer","status":"publish","type":"page","link":"https:\/\/ostsvenska.alghundklubben.com\/index.php\/funtionarer\/","title":{"rendered":"Funtion\u00e4rer"},"content":{"rendered":"\n<p><em>P\u00e5 bild fr\u00e5n v\u00e4nster: Bert, Marko, Lars, Andreas, John, Erik och Konstantin.  Lena och Jan saknas.<\/em><\/p>\n\n\n\n<p><strong>Ordf\u00f6rande<\/strong><\/p>\n\n\n\n<p>Lars Berglund \/ Tel: 070-6517552 \/ Mail: <a href=\"mailto:lars.berglund@storaenso.com\">lars.berglund@storaenso.com<\/a><\/p>\n\n\n\n<p><strong>Sekreterare<\/strong><\/p>\n\n\n\n<p>John L\u00f6wen \/ Tel&nbsp;: 070-760 88 05 \/ Mail&nbsp;: <a href=\"mailto:lowen_john@hotmail.com\">lowen_john@hotmail.com<\/a><\/p>\n\n\n\n<p><strong>Kass\u00f6r<\/strong><\/p>\n\n\n\n<p>Lena Pettersson \/ Tel: 070-589 82 49 \/ Mail: <a href=\"mailto:018388249@telia.com\">018388249@telia.com<\/a><\/p>\n\n\n\n<p><strong>Ledamot<\/strong> &#8211; <em>Provansvarig<\/em><\/p>\n\n\n\n<p>Bert Jansson \/ Tel: 070-699 89 97 Mail: <a href=\"mailto:bertjansson54@gmail.com\">bertjansson54@gmail.com<\/a><\/p>\n\n\n\n<p><strong>Ledamot<\/strong> &#8211; <em>Provansvarig<\/em><\/p>\n\n\n\n<p>Jan Johansson \/ Tel&nbsp;: 070-319 79 11 \/ Mail: <a href=\"mailto:jan.b.joh@gmail.com\">jan.b.joh@gmail.com<\/a><\/p>\n\n\n\n<p><strong>Ledamot &#8211; <\/strong><em>Utst\u00e4llningsansvarig<\/em><\/p>\n\n\n\n<p>Andreas Steineck \/ Tel: 070-258 46 08 \/ Mail: <a href=\"mailto:andreassteineck@gmail.com\">andreassteineck@gmail.com<\/a><\/p>\n\n\n\n<p><strong>Ledamot<\/strong> &#8211; <em>Utst\u00e4llningsansvarig<\/em><\/p>\n\n\n\n<p>Erik B\u00f6ssling \/ Tel: 076-289 22 33 \/ Mail: <a href=\"mailto:erikbosslinge@hotmail.com\">erikbosslinge@hotmail.com<\/a> &nbsp;<\/p>\n\n\n\n<p><strong>Ledamot<\/strong><\/p>\n\n\n\n<p>Johan Nilsson \/ Tel:072-706 55 91 070-769 27 74 \/ Mail: <a href=\"mailto:johan.nilsson@ifmetall.se\">johan.nilsson@ifmetall.se<\/a><\/p>\n\n\n\n<p><strong>Ledamot<\/strong> &#8211; <em>Hemsida, sponsring<\/em><\/p>\n\n\n\n<p>Konstantin Tsiaras \/ Tel: 070-5464741 \/ Mail: <a href=\"mailto:konstantin.tsiaras@gmail.com\">konstantin.tsiaras@gmail.com<\/a><\/p>\n","protected":false},"excerpt":{"rendered":"<p>P\u00e5 bild fr\u00e5n v\u00e4nster: Bert, Marko, Lars, Andreas, John, Erik och Konstantin. Lena och Jan saknas. Ordf\u00f6rande Lars Berglund \/ Tel: 070-6517552 \/ Mail: lars.berglund@storaenso.com Sekreterare John L\u00f6wen \/ Tel&nbsp;: 070-760 88 05 \/ Mail&nbsp;: lowen_john@hotmail.com Kass\u00f6r Lena Pettersson \/ Tel: 070-589 82 49 \/ Mail: 018388249@telia.com Ledamot &#8211; Provansvarig Bert Jansson \/ Tel: 070-699 [&hellip;]<\/p>\n","protected":false},"author":1,"featured_media":487,"parent":0,"menu_order":0,"comment_status":"closed","ping_status":"closed","template":"","meta":{"footnotes":""},"class_list":["post-147","page","type-page","status-publish","has-post-thumbnail","hentry"],"_links":{"self":[{"href":"https:\/\/ostsvenska.alghundklubben.com\/index.php\/wp-json\/wp\/v2\/pages\/147","targetHints":{"allow":["GET"]}}],"collection":[{"href":"https:\/\/ostsvenska.alghundklubben.com\/index.php\/wp-json\/wp\/v2\/pages"}],"about":[{"href":"https:\/\/ostsvenska.alghundklubben.com\/index.php\/wp-json\/wp\/v2\/types\/page"}],"author":[{"embeddable":true,"href":"https:\/\/ostsvenska.alghundklubben.com\/index.php\/wp-json\/wp\/v2\/users\/1"}],"replies":[{"embeddable":true,"href":"https:\/\/ostsvenska.alghundklubben.com\/index.php\/wp-json\/wp\/v2\/comments?post=147"}],"version-history":[{"count":6,"href":"https:\/\/ostsvenska.alghundklubben.com\/index.php\/wp-json\/wp\/v2\/pages\/147\/revisions"}],"predecessor-version":[{"id":626,"href":"https:\/\/ostsvenska.alghundklubben.com\/index.php\/wp-json\/wp\/v2\/pages\/147\/revisions\/626"}],"wp:featuredmedia":[{"embeddable":true,"href":"https:\/\/ostsvenska.alghundklubben.com\/index.php\/wp-json\/wp\/v2\/media\/487"}],"wp:attachment":[{"href":"https:\/\/ostsvenska.alghundklubben.com\/index.php\/wp-json\/wp\/v2\/media?parent=147"}],"curies":[{"name":"wp","href":"https:\/\/api.w.org\/{rel}","templated":true}]}}